{"id":3087,"date":"2020-01-06T15:42:43","date_gmt":"2020-01-06T15:42:43","guid":{"rendered":"https:\/\/www.decorlux.be\/contact\/"},"modified":"2021-10-09T15:40:35","modified_gmt":"2021-10-09T13:40:35","slug":"contact","status":"publish","type":"page","link":"https:\/\/www.decorlux.be\/fr\/contact\/","title":{"rendered":"CONTACT"},"content":{"rendered":"<div id=\"newyork\" class=\"fusion-container-anchor\"><div class=\"fusion-fullwidth fullwidth-box fusion-builder-row-1 fusion-flex-container hundred-percent-fullwidth non-hundred-percent-height-scrolling\" style=\"--awb-border-radius-top-left:0px;--awb-border-radius-top-right:0px;--awb-border-radius-bottom-right:0px;--awb-border-radius-bottom-left:0px;--awb-padding-top:20px;--awb-padding-bottom:20px;--awb-padding-top-medium:20px;--awb-padding-bottom-medium:20px;--awb-padding-right-small:0px;--awb-padding-left-small:0px;--awb-flex-wrap:wrap;\" ><div class=\"fusion-builder-row fusion-row fusion-flex-align-items-center fusion-flex-content-wrap\" style=\"width:104% !important;max-width:104% !important;margin-left: calc(-4% \/ 2 );margin-right: calc(-4% \/ 2 );\"><div class=\"fusion-layout-column fusion_builder_column fusion-builder-column-0 fusion_builder_column_1_2 1_2 fusion-flex-column\" style=\"--awb-padding-bottom:100px;--awb-bg-image:url(&#039;https:\/\/www.decorlux.be\/wp-content\/uploads\/2021\/04\/csm_Freiraumausstattung_Bank_Strada_Teaser_89e3cb0d94.jpg&#039;);--awb-bg-size:cover;--awb-width-large:50%;--awb-margin-top-large:25px;--awb-spacing-right-large:3.84%;--awb-margin-bottom-large:25px;--awb-spacing-left-large:3.84%;--awb-width-medium:100%;--awb-order-medium:0;--awb-margin-top-medium:0px;--awb-spacing-right-medium:1.92%;--awb-margin-bottom-medium:0px;--awb-spacing-left-medium:1.92%;--awb-width-small:100%;--awb-order-small:0;--awb-spacing-right-small:1.92%;--awb-spacing-left-small:1.92%;\"><div class=\"fusion-column-wrapper fusion-column-has-shadow fusion-flex-justify-content-flex-start fusion-content-layout-column fusion-column-has-bg-image\" data-bg-url=\"https:\/\/www.decorlux.be\/wp-content\/uploads\/2021\/04\/csm_Freiraumausstattung_Bank_Strada_Teaser_89e3cb0d94.jpg\"><div class=\"fusion-builder-row fusion-builder-row-inner fusion-row fusion-flex-align-items-center fusion-flex-content-wrap\" style=\"width:104% !important;max-width:104% !important;margin-left: calc(-4% \/ 2 );margin-right: calc(-4% \/ 2 );\"><div class=\"fusion-layout-column fusion_builder_column_inner fusion-builder-nested-column-0 fusion_builder_column_inner_3_5 3_5 fusion-flex-column fusion-no-small-visibility fusion-no-medium-visibility\" style=\"--awb-bg-size:cover;--awb-width-large:60%;--awb-margin-top-large:0px;--awb-spacing-right-large:3.2%;--awb-margin-bottom-large:5px;--awb-spacing-left-large:3.2%;--awb-width-medium:100%;--awb-order-medium:0;--awb-spacing-right-medium:1.92%;--awb-spacing-left-medium:1.92%;--awb-width-small:100%;--awb-order-small:0;--awb-spacing-right-small:1.92%;--awb-spacing-left-small:1.92%;\"><div class=\"fusion-column-wrapper fusion-column-has-shadow fusion-flex-justify-content-flex-start fusion-content-layout-column\"><\/div><\/div><div class=\"fusion-layout-column fusion_builder_column_inner fusion-builder-nested-column-1 fusion_builder_column_inner_2_5 2_5 fusion-flex-column\" style=\"--awb-padding-top:8%;--awb-padding-right:12%;--awb-padding-bottom:6%;--awb-padding-left:12%;--awb-bg-color:#ffffff;--awb-bg-color-hover:#ffffff;--awb-bg-size:cover;--awb-width-large:40%;--awb-margin-top-large:0px;--awb-spacing-right-large:4.8%;--awb-margin-bottom-large:0px;--awb-spacing-left-large:4.8%;--awb-width-medium:50%;--awb-spacing-right-medium:3.84%;--awb-spacing-left-medium:3.84%;--awb-width-small:66.666666666667%;--awb-spacing-right-small:2.88%;--awb-spacing-left-small:2.88%;\"><div class=\"fusion-column-wrapper fusion-column-has-shadow fusion-flex-justify-content-flex-start fusion-content-layout-column\"><div class=\"fusion-title title fusion-title-1 fusion-sep-none fusion-title-text fusion-title-size-six\" style=\"--awb-text-color:rgba(24,27,32,0.4);--awb-margin-top:12px;--awb-margin-bottom:6px;--awb-margin-bottom-small:6px;\"><h6 class=\"fusion-title-heading title-heading-left fusion-responsive-typography-calculated\" style=\"margin:0;--fontSize:12;--minFontSize:12;line-height:1.72;\">Adresse<\/h6><\/div><div class=\"fusion-text fusion-text-1 paragraph-small\"><p>Antwerpsesteenweg 96<br \/>\nB-9140 Tielrode (B)<\/p>\n<\/div><div class=\"fusion-title title fusion-title-2 fusion-sep-none fusion-title-text fusion-title-size-six\" style=\"--awb-text-color:rgba(24,27,32,0.4);--awb-margin-top:12px;--awb-margin-bottom:6px;--awb-margin-bottom-small:6px;\"><h6 class=\"fusion-title-heading title-heading-left fusion-responsive-typography-calculated\" style=\"margin:0;--fontSize:12;--minFontSize:12;line-height:1.72;\">Contacter<\/h6><\/div><div class=\"fusion-text fusion-text-2 paragraph-small\"><p>T. \u00a0+32 3 777 69 88<br \/>\nF. \u00a0+32 3 778 13 17<\/p>\n<p>E-mail:\u00a0<a href=\"mailto:info@decorlux.be\" target=\"_blank\" rel=\"noopener\">info@decorlux.be<\/a><\/p>\n<\/div><\/div><\/div><\/div><div class=\"fusion-separator fusion-no-small-visibility fusion-full-width-sep\" style=\"align-self: center;margin-left: auto;margin-right: auto;margin-top:12%;margin-bottom:100px;width:100%;\"><\/div><\/div><\/div><div class=\"fusion-layout-column fusion_builder_column fusion-builder-column-1 fusion_builder_column_1_2 1_2 fusion-flex-column\" style=\"--awb-bg-size:cover;--awb-width-large:50%;--awb-margin-top-large:25px;--awb-spacing-right-large:3.84%;--awb-margin-bottom-large:25px;--awb-spacing-left-large:3.84%;--awb-width-medium:66.666666666667%;--awb-order-medium:0;--awb-spacing-right-medium:0%;--awb-spacing-left-medium:0%;--awb-width-small:100%;--awb-order-small:0;--awb-spacing-right-small:1.92%;--awb-spacing-left-small:1.92%;\"><div class=\"fusion-column-wrapper fusion-column-has-shadow fusion-flex-justify-content-flex-start fusion-content-layout-column\"><div class=\"fusion-title title fusion-title-3 fusion-sep-none fusion-title-text fusion-title-size-three\"><h3 class=\"fusion-title-heading title-heading-left fusion-responsive-typography-calculated\" style=\"margin:0;--fontSize:28;line-height:1.32;\">Contact Decorlux<\/h3><\/div><div class=\"fusion-form fusion-form-builder fusion-form-form-wrapper fusion-form-3099\" style=\"--awb-tooltip-text-color:#ffffff;--awb-tooltip-background-color:#333333;--awb-form-placeholder-color:rgba(101,106,112,0.5);--awb-form-text-color:#656a70;\" data-form-id=\"3099\" data-config=\"{&quot;form_id&quot;:3099,&quot;form_post_id&quot;:3099,&quot;post_id&quot;:3087,&quot;form_type&quot;:&quot;ajax&quot;,&quot;confirmation_type&quot;:&quot;message&quot;,&quot;redirect_url&quot;:&quot;&quot;,&quot;redirect_timeout&quot;:&quot;0&quot;,&quot;field_labels&quot;:{&quot;prenom&quot;:&quot;Pr\\u00e9nom&quot;,&quot;Nom&quot;:&quot;Nom&quot;,&quot;E-mail&quot;:&quot;E-mail&quot;,&quot;telefoonnummer&quot;:&quot;Telefoonnummer \\\/ GSM&quot;,&quot;Votre_Soci\\u00e9t\\u00e9&quot;:&quot;Votre Soci\\u00e9t\\u00e9&quot;,&quot;Votre_message&quot;:&quot;Votre message&quot;},&quot;field_logics&quot;:{&quot;prenom&quot;:&quot;&quot;,&quot;Nom&quot;:&quot;&quot;,&quot;E-mail&quot;:&quot;&quot;,&quot;telefoonnummer&quot;:&quot;&quot;,&quot;Votre_Soci\\u00e9t\\u00e9&quot;:&quot;&quot;,&quot;Votre_message&quot;:&quot;&quot;,&quot;submit_1&quot;:&quot;&quot;,&quot;notice_1&quot;:&quot;&quot;},&quot;field_types&quot;:{&quot;prenom&quot;:&quot;text&quot;,&quot;Nom&quot;:&quot;text&quot;,&quot;E-mail&quot;:&quot;email&quot;,&quot;telefoonnummer&quot;:&quot;phone_number&quot;,&quot;Votre_Soci\\u00e9t\\u00e9&quot;:&quot;text&quot;,&quot;Votre_message&quot;:&quot;textarea&quot;,&quot;submit_1&quot;:&quot;submit&quot;,&quot;notice_1&quot;:&quot;notice&quot;},&quot;nonce_method&quot;:&quot;ajax&quot;,&quot;form_views&quot;:&quot;ajax&quot;,&quot;form_views_counting&quot;:&quot;all&quot;}\"><form action=\"https:\/\/www.decorlux.be\/fr\/contact\/\" method=\"post\" class=\"fusion-form fusion-form-3099\"><div class=\"fusion-fullwidth fullwidth-box fusion-builder-row-1-1 fusion-flex-container nonhundred-percent-fullwidth non-hundred-percent-height-scrolling\" style=\"--awb-border-radius-top-left:0px;--awb-border-radius-top-right:0px;--awb-border-radius-bottom-right:0px;--awb-border-radius-bottom-left:0px;--awb-padding-top:0px;--awb-padding-right:0px;--awb-padding-bottom:0px;--awb-padding-left:0px;--awb-flex-wrap:wrap;\" ><div class=\"fusion-builder-row fusion-row fusion-flex-align-items-flex-start fusion-flex-content-wrap\" style=\"width:104% !important;max-width:104% !important;margin-left: calc(-4% \/ 2 );margin-right: calc(-4% \/ 2 );\"><div class=\"fusion-layout-column fusion_builder_column fusion-builder-column-2 fusion_builder_column_1_2 1_2 fusion-flex-column\" style=\"--awb-bg-size:cover;--awb-width-large:50%;--awb-flex-grow:0;--awb-flex-shrink:0;--awb-margin-top-large:0px;--awb-spacing-right-large:3.84%;--awb-margin-bottom-large:10px;--awb-spacing-left-large:3.84%;--awb-width-medium:50%;--awb-order-medium:0;--awb-flex-grow-medium:0;--awb-flex-shrink-medium:0;--awb-spacing-right-medium:3.84%;--awb-spacing-left-medium:3.84%;--awb-width-small:100%;--awb-order-small:0;--awb-flex-grow-small:0;--awb-flex-shrink-small:0;--awb-spacing-right-small:1.92%;--awb-spacing-left-small:1.92%;\"><div class=\"fusion-column-wrapper fusion-column-has-shadow fusion-flex-justify-content-flex-start fusion-content-layout-column\"><div class=\"fusion-form-field fusion-form-text-field fusion-form-label-above\" style=\"\" data-form-id=\"3099\"><div class=\"fusion-form-label-wrapper\"><label for=\"prenom\">Pr\u00e9nom <abbr class=\"fusion-form-element-required\" title=\"required\">*<\/abbr><\/label><\/div><input type=\"text\" autocomplete=\"off\" name=\"prenom\" id=\"prenom\" value=\"\"  class=\"fusion-form-input\" required=\"true\" aria-required=\"true\" placeholder=\"Pr\u00e9nom *\" data-holds-private-data=\"false\" minlength=\"0\"\/><\/div><\/div><\/div><div class=\"fusion-layout-column fusion_builder_column fusion-builder-column-3 fusion_builder_column_1_2 1_2 fusion-flex-column\" style=\"--awb-bg-size:cover;--awb-width-large:50%;--awb-flex-grow:0;--awb-flex-shrink:0;--awb-margin-top-large:0px;--awb-spacing-right-large:3.84%;--awb-margin-bottom-large:10px;--awb-spacing-left-large:3.84%;--awb-width-medium:50%;--awb-order-medium:0;--awb-flex-grow-medium:0;--awb-flex-shrink-medium:0;--awb-spacing-right-medium:3.84%;--awb-spacing-left-medium:3.84%;--awb-width-small:100%;--awb-order-small:0;--awb-flex-grow-small:0;--awb-flex-shrink-small:0;--awb-spacing-right-small:1.92%;--awb-spacing-left-small:1.92%;\"><div class=\"fusion-column-wrapper fusion-column-has-shadow fusion-flex-justify-content-flex-start fusion-content-layout-column\"><div class=\"fusion-form-field fusion-form-text-field fusion-form-label-above\" style=\"\" data-form-id=\"3099\"><div class=\"fusion-form-label-wrapper\"><label for=\"Nom\">Nom <abbr class=\"fusion-form-element-required\" title=\"required\">*<\/abbr><\/label><\/div><input type=\"text\" autocomplete=\"off\" name=\"Nom\" id=\"Nom\" value=\"\"  class=\"fusion-form-input\" required=\"true\" aria-required=\"true\" placeholder=\"Nom *\" data-holds-private-data=\"false\" minlength=\"0\"\/><\/div><\/div><\/div><div class=\"fusion-layout-column fusion_builder_column fusion-builder-column-4 fusion_builder_column_1_2 1_2 fusion-flex-column\" style=\"--awb-bg-size:cover;--awb-width-large:50%;--awb-flex-grow:0;--awb-flex-shrink:0;--awb-margin-top-large:0px;--awb-spacing-right-large:3.84%;--awb-margin-bottom-large:10px;--awb-spacing-left-large:3.84%;--awb-width-medium:50%;--awb-order-medium:0;--awb-flex-grow-medium:0;--awb-flex-shrink-medium:0;--awb-spacing-right-medium:3.84%;--awb-spacing-left-medium:3.84%;--awb-width-small:100%;--awb-order-small:0;--awb-flex-grow-small:0;--awb-flex-shrink-small:0;--awb-spacing-right-small:1.92%;--awb-spacing-left-small:1.92%;\"><div class=\"fusion-column-wrapper fusion-column-has-shadow fusion-flex-justify-content-flex-start fusion-content-layout-column\"><div class=\"fusion-form-field fusion-form-email-field fusion-form-label-above\" style=\"\" data-form-id=\"3099\"><div class=\"fusion-form-label-wrapper\"><label for=\"E-mail\">E-mail <abbr class=\"fusion-form-element-required\" title=\"required\">*<\/abbr><\/label><\/div><input type=\"email\" autocomplete=\"off\" name=\"E-mail\" id=\"E-mail\" value=\"\"  class=\"fusion-form-input\" required=\"true\" aria-required=\"true\" placeholder=\"exemple@email.be *\" data-holds-private-data=\"false\"\/><\/div><\/div><\/div><div class=\"fusion-layout-column fusion_builder_column fusion-builder-column-5 fusion_builder_column_1_2 1_2 fusion-flex-column\" style=\"--awb-bg-size:cover;--awb-width-large:50%;--awb-flex-grow:0;--awb-flex-shrink:0;--awb-margin-top-large:0px;--awb-spacing-right-large:3.84%;--awb-margin-bottom-large:10px;--awb-spacing-left-large:3.84%;--awb-width-medium:50%;--awb-order-medium:0;--awb-flex-grow-medium:0;--awb-flex-shrink-medium:0;--awb-spacing-right-medium:3.84%;--awb-spacing-left-medium:3.84%;--awb-width-small:100%;--awb-order-small:0;--awb-flex-grow-small:0;--awb-flex-shrink-small:0;--awb-spacing-right-small:1.92%;--awb-spacing-left-small:1.92%;\"><div class=\"fusion-column-wrapper fusion-column-has-shadow fusion-flex-justify-content-flex-start fusion-content-layout-column\"><div class=\"fusion-form-field fusion-form-phone-number-field fusion-form-label-above\" style=\"\" data-form-id=\"3099\"><div class=\"fusion-form-label-wrapper\"><label for=\"telefoonnummer\">Telefoonnummer \/ GSM <abbr class=\"fusion-form-element-required\" title=\"required\">*<\/abbr><\/label><\/div><input type=\"tel\" autocomplete=\"off\" name=\"telefoonnummer\" id=\"telefoonnummer\" value=\"\"  class=\"fusion-form-input\" required=\"true\" aria-required=\"true\" placeholder=\"+32 470 12 34 56 *\" data-holds-private-data=\"false\"\/><\/div><\/div><\/div><div class=\"fusion-layout-column fusion_builder_column fusion-builder-column-6 fusion_builder_column_1_1 1_1 fusion-flex-column\" style=\"--awb-bg-size:cover;--awb-width-large:100%;--awb-flex-grow:0;--awb-flex-shrink:0;--awb-margin-top-large:0px;--awb-spacing-right-large:1.92%;--awb-margin-bottom-large:0px;--awb-spacing-left-large:1.92%;--awb-width-medium:100%;--awb-order-medium:0;--awb-flex-grow-medium:0;--awb-flex-shrink-medium:0;--awb-spacing-right-medium:1.92%;--awb-spacing-left-medium:1.92%;--awb-width-small:100%;--awb-order-small:0;--awb-flex-grow-small:0;--awb-flex-shrink-small:0;--awb-spacing-right-small:1.92%;--awb-spacing-left-small:1.92%;\"><div class=\"fusion-column-wrapper fusion-column-has-shadow fusion-flex-justify-content-flex-start fusion-content-layout-column\"><div class=\"fusion-form-field fusion-form-text-field fusion-form-label-above\" style=\"\" data-form-id=\"3099\"><div class=\"fusion-form-label-wrapper\"><label for=\"Votre_Soci\u00e9t\u00e9\">Votre Soci\u00e9t\u00e9<\/label><\/div><input type=\"text\" autocomplete=\"off\" name=\"Votre_Soci\u00e9t\u00e9\" id=\"Votre_Soci\u00e9t\u00e9\" value=\"\"  class=\"fusion-form-input\" placeholder=\"Votre Soci\u00e9t\u00e9 \" data-holds-private-data=\"false\" minlength=\"0\"\/><\/div><div class=\"fusion-form-field fusion-form-textarea-field fusion-form-label-above\" style=\"\" data-form-id=\"3099\"><label for=\"Votre_message\">Votre message<\/label><textarea cols=\"40\" autocomplete=\"off\"  minlength=\"0\"  rows=\"6\" tabindex=\"\" id=\"Votre_message\" name=\"Votre_message\" class=\"fusion-form-input\" placeholder=\"Votre message... \" data-holds-private-data=\"false\"><\/textarea><\/div><div class=\"fusion-text fusion-text-3\"><p>En soumettant ce formulaire, vous acceptez le traitement de vos donn\u00e9es.<\/p>\n<\/div>\n<div class=\"fusion-form-field fusion-form-submit-field fusion-form-label-above\" style=\"\" data-form-id=\"3099\"><div ><button type=\"submit\" class=\"fusion-button button-flat fusion-button-default-size button-default fusion-button-default button-1 fusion-button-default-span  button-default form-form-submit\" data-form-number=\"3099\" tabindex=\"\"><span class=\"fusion-button-text awb-button__text awb-button__text--default\">Envoyer<\/span><\/button><\/div><\/div><\/div><\/div><div class=\"fusion-layout-column fusion_builder_column fusion-builder-column-7 fusion_builder_column_1_1 1_1 fusion-flex-column\" style=\"--awb-bg-size:cover;--awb-width-large:100%;--awb-flex-grow:0;--awb-flex-shrink:0;--awb-margin-top-large:25px;--awb-spacing-right-large:1.92%;--awb-margin-bottom-large:0px;--awb-spacing-left-large:1.92%;--awb-width-medium:100%;--awb-order-medium:0;--awb-flex-grow-medium:0;--awb-flex-shrink-medium:0;--awb-spacing-right-medium:1.92%;--awb-spacing-left-medium:1.92%;--awb-width-small:100%;--awb-order-small:0;--awb-flex-grow-small:0;--awb-flex-shrink-small:0;--awb-spacing-right-small:1.92%;--awb-spacing-left-small:1.92%;\"><div class=\"fusion-column-wrapper fusion-column-has-shadow fusion-flex-justify-content-flex-start fusion-content-layout-column\"><div class=\"form-submission-notices data-notice_1\" id=\"fusion-notices-1\"><div class=\"fusion-alert alert success alert-success fusion-alert-center fusion-form-response fusion-form-response-success fusion-alert-capitalize awb-alert-native-link-color alert-dismissable awb-alert-close-boxed\" role=\"alert\"><div class=\"fusion-alert-content-wrapper\"><span class=\"alert-icon\"><i class=\"awb-icon-check-circle\" aria-hidden=\"true\"><\/i><\/span><span class=\"fusion-alert-content\">Merci pour votre message. Il a \u00e9t\u00e9 envoy\u00e9.<\/span><\/div><button type=\"button\" class=\"close toggle-alert\" data-dismiss=\"alert\" aria-label=\"Close\">&times;<\/button><\/div><div class=\"fusion-alert alert error alert-danger fusion-alert-center fusion-form-response fusion-form-response-error fusion-alert-capitalize awb-alert-native-link-color alert-dismissable awb-alert-close-boxed\" role=\"alert\"><div class=\"fusion-alert-content-wrapper\"><span class=\"alert-icon\"><i class=\"awb-icon-exclamation-triangle\" aria-hidden=\"true\"><\/i><\/span><span class=\"fusion-alert-content\">Une erreur s'est produite lors de la tentative d'envoi de votre message. Veuillez r\u00e9essayer plus tard.<\/span><\/div><button type=\"button\" class=\"close toggle-alert\" data-dismiss=\"alert\" aria-label=\"Close\">&times;<\/button><\/div><\/div><\/div><\/div><\/div><\/div><input type=\"hidden\" name=\"fusion_privacy_store_ip_ua\" value=\"false\"><input type=\"hidden\" name=\"fusion_privacy_expiration_interval\" value=\"48\"><input type=\"hidden\" name=\"privacy_expiration_action\" value=\"anonymize\"><\/form><\/div><\/div><\/div><\/div><\/div><\/div>\n","protected":false},"excerpt":{"rendered":"","protected":false},"author":3,"featured_media":0,"parent":0,"menu_order":0,"comment_status":"closed","ping_status":"closed","template":"100-width.php","meta":{"footnotes":""},"class_list":["post-3087","page","type-page","status-publish","hentry"],"_links":{"self":[{"href":"https:\/\/www.decorlux.be\/fr\/wp-json\/wp\/v2\/pages\/3087","targetHints":{"allow":["GET"]}}],"collection":[{"href":"https:\/\/www.decorlux.be\/fr\/wp-json\/wp\/v2\/pages"}],"about":[{"href":"https:\/\/www.decorlux.be\/fr\/wp-json\/wp\/v2\/types\/page"}],"author":[{"embeddable":true,"href":"https:\/\/www.decorlux.be\/fr\/wp-json\/wp\/v2\/users\/3"}],"replies":[{"embeddable":true,"href":"https:\/\/www.decorlux.be\/fr\/wp-json\/wp\/v2\/comments?post=3087"}],"version-history":[{"count":0,"href":"https:\/\/www.decorlux.be\/fr\/wp-json\/wp\/v2\/pages\/3087\/revisions"}],"wp:attachment":[{"href":"https:\/\/www.decorlux.be\/fr\/wp-json\/wp\/v2\/media?parent=3087"}],"curies":[{"name":"wp","href":"https:\/\/api.w.org\/{rel}","templated":true}]}}